{"id":6636,"date":"2025-11-15T15:03:33","date_gmt":"2025-11-15T15:03:33","guid":{"rendered":"https:\/\/estiu.eixestels.com\/aviso-legal\/"},"modified":"2026-03-23T19:37:44","modified_gmt":"2026-03-23T19:37:44","slug":"aviso-legal","status":"publish","type":"page","link":"https:\/\/estiu.eixestels.com\/es\/aviso-legal\/","title":{"rendered":"Aviso Legal"},"content":{"rendered":"\t\t<div data-elementor-type=\"wp-page\" data-elementor-id=\"6636\" class=\"elementor elementor-6636 elementor-3284\" data-elementor-post-type=\"page\">\n\t\t\t\t<div class=\"elementor-element elementor-element-1109f074 e-con-full e-flex e-con e-parent\" data-id=\"1109f074\" data-element_type=\"container\" data-e-type=\"container\" data-settings=\"{&quot;background_background&quot;:&quot;gradient&quot;}\">\n\t\t\t\t<div class=\"elementor-element elementor-element-188d79a elementor-widget elementor-widget-heading\" data-id=\"188d79a\" data-element_type=\"widget\" data-e-type=\"widget\" data-widget_type=\"heading.default\">\n\t\t\t\t\t<h1 class=\"elementor-heading-title elementor-size-default\">Aviso Legal<\/h1>\t\t\t\t<\/div>\n\t\t\t\t<\/div>\n\t\t<div class=\"elementor-element elementor-element-1a2957e2 e-con-full header-box e-flex e-con e-parent\" data-id=\"1a2957e2\" data-element_type=\"container\" data-e-type=\"container\">\n\t\t\t\t<div class=\"elementor-element elementor-element-14325dee elementor-widget elementor-widget-text-editor\" data-id=\"14325dee\" data-element_type=\"widget\" data-e-type=\"widget\" data-widget_type=\"text-editor.default\">\n\t\t\t\t\t\t\t\t\t<p><strong class=\"bb strong_bb\">LEY DE SERVICIOS DE LA SOCIEDAD DE LA INFORMACI\u00d3N (LSSI)<\/strong><\/p><p>EIX ESTELS, S.L., responsable del sitio web, en adelante RESPONSABLE, pone a disposici\u00f3n de los usuarios el presente documento, con el cual pretende dar cumplimiento a las obligaciones dispuestas en la Ley 34\/2002, de 11 de julio, de Servicios de la Sociedad de la Informaci\u00f3n y de Comercio Electr\u00f3nico (LSSICE), BOE N\u00ba 166, as\u00ed como informar a todos los usuarios del sitio web respecto a cu\u00e1les son las condiciones de uso.<\/p><p>Toda persona que acceda a este sitio web asume el papel de usuario, comprometi\u00e9ndose a la observancia y cumplimiento riguroso de las disposiciones aqu\u00ed dispuestas, as\u00ed como a cualquier otra disposici\u00f3n legal que fuera de aplicaci\u00f3n.<br>EIX ESTELS, S.L. se reserva el derecho de modificar cualquier tipo de informaci\u00f3n que pudiera aparecer en el sitio web, sin que exista obligaci\u00f3n de preavisar o poner en conocimiento de los usuarios dichas obligaciones, entendi\u00e9ndose como suficiente con la publicaci\u00f3n en el sitio web de EIX ESTELS, S.L..<\/p><p><strong class=\"bb strong_bb\">1. DATOS IDENTIFICATIVOS<\/strong><\/p><p><strong>EIX ESTELS, S.L.<\/strong> <br><strong>NIF:<\/strong> B62124797 <br><strong>Domicilio:<\/strong> Passeig del Taulat, 235 &#8211; 08019 BARCELONA (Barcelona) <br><strong>Direcci\u00f3 de correo electronico:<\/strong><span style=\"text-decoration: underline;\"> <a href=\"mailto:lopd@eixestels.com\"><strong>lopd@eixestels.com<\/strong> <\/a><\/span> <br><strong>Web: <span style=\"text-decoration: underline;\"><a href=\"https:\/\/eixestels.com\">www.eixestels.com<\/a> <\/span> <\/strong><br><strong>Tel\u00e9fono<\/strong>: <a href=\"tel:+34932652786\">932652786<\/a> <br>Inscrita al Registre Mercantil de Barcelona, en el Tomo 32.194, Folio 35, Hoja N\u00famero B-202397<\/p><p><strong class=\"bb strong_bb\">2. DERECHOS DE PROPIEDAD INTELECTUAL E INDUSTRIAL<\/strong><\/p><p>El sitio web, incluyendo a t\u00edtulo enunciativo pero no limitativo su programaci\u00f3n, edici\u00f3n, compilaci\u00f3n y otros elementos necesarios para su funcionamiento, los dise\u00f1os, logotipos, texto y\/o gr\u00e1ficos, son propiedad del RESPONSABLE o, en su caso, dispone de licencia o autorizaci\u00f3n expresa por parte de los autores. Todos los contenidos del sitio web se encuentran debidamente protegidos por la normativa de propiedad intelectual e industrial, as\u00ed como inscritos en los registros p\u00fablicos correspondientes. <\/p><p>Independientemente de la finalidad para la que fueran destinados, la reproducci\u00f3n total o parcial, uso, explotaci\u00f3n, distribuci\u00f3n y comercializaci\u00f3n, requiere en todo caso de la autorizaci\u00f3n escrita previa por parte del RESPONSABLE. Cualquier uso no autorizado previamente se considera un incumplimiento grave de los derechos de propiedad intelectual o industrial del autor. <\/p><p>Los dise\u00f1os, logotipos, texto y\/o gr\u00e1ficos ajenos al RESPONSABLE y que pudieran aparecer en el sitio web, pertenecen a sus respectivos propietarios, siendo ellos mismos responsables de cualquier posible controversia que pudiera suscitarse respecto a los mismos. El RESPONSABLE autoriza expresamente a que terceros puedan redirigir directamente a los contenidos concretos del sitio web, y en todo caso redirigir al sitio web principal de www.eixestels.com. <\/p><p>El RESPONSABLE reconoce a favor de sus titulares los correspondientes derechos de propiedad intelectual e industrial, no implicando su sola menci\u00f3n o aparici\u00f3n en el sitio web la existencia de derechos o responsabilidad alguna sobre los mismos, como tampoco respaldo, patrocinio o recomendaci\u00f3n por parte del mismo.<\/p><p>Para realizar cualquier tipo de observaci\u00f3n respecto a posibles incumplimientos de los derechos de propiedad intelectual o industrial, as\u00ed como sobre cualquiera de los contenidos del sitio web, puede hacerlo a trav\u00e9s del correo electr\u00f3nico lopd@eixestel.com.<\/p><p> <\/p><p><strong class=\"bb strong_bb\">3. EXENCI\u00d3N DE RESPONSABILIDADES<\/strong><\/p><p>El RESPONSABLE se exime de cualquier tipo de responsabilidad derivada de la informaci\u00f3n publicada en su sitio web siempre que esta informaci\u00f3n haya sido manipulada o introducida por un tercero ajeno al mismo. <br><br><strong class=\"bb strong_bb\">Uso de Cookies<\/strong> <br><br>Este sitio web puede utilizar cookies t\u00e9cnicas (peque\u00f1os archivos de informaci\u00f3n que el servidor env\u00eda al ordenador de quien accede a la p\u00e1gina) para llevar a cabo determinadas funciones que son consideradas imprescindibles para el correcto funcionamiento y visualizaci\u00f3n del sitio. Las cookies utilizadas tienen, en todo caso, car\u00e1cter temporal, con el \u00fanico fin de hacer m\u00e1s eficaz la navegaci\u00f3n, desapareciendo al finalizar la sesi\u00f3n del usuario.  En ning\u00fan caso, estas cookies proporcionan por s\u00ed mismos datos de car\u00e1cter personal y no se utilizar\u00e1n para la recogida de los mismos.  <br><br>Mediante el uso de cookies tambi\u00e9n es posible que el servidor en el que se encuentra la web reconozca el navegador utilizado por el usuario con el fin de que la navegaci\u00f3n sea m\u00e1s sencilla, permitiendo, por ejemplo, el acceso de los usuarios que se hayan registrado previamente en las \u00e1reas, servicios, promociones o concursos reservados exclusivamente a ellos sin tener que registrar en cada visita. Tambi\u00e9n pueden utilizarse para medir la audiencia, par\u00e1metros de tr\u00e1fico, controlar el progreso y n\u00famero de entradas, etc, siendo en estos casos cookies prescindibles t\u00e9cnicamente pero beneficiosas para el usuario.  Este sitio web no se instalar\u00e1 cookies prescindibles sin el previo consentimiento del usuario.  <br><br>El usuario tiene la posibilidad de configurar su navegador para ser alertado de la recepci\u00f3n de cookies y para impedir su instalaci\u00f3n en su equipo. Por favor, consulte las instrucciones de su navegador para ampliar esta informaci\u00f3n. <\/p><p><strong class=\"bb strong_bb\">Pol\u00edtica de enlaces<\/strong> <br><br>Desde el sitio web, es posible que se redirija a contenidos de terceros sitios web. Dado que el RESPONSABLE no puede controlar siempre los contenidos introducidos por los terceros en sus respectivos sitios web, no asume ning\u00fan tipo de responsabilidad con respecto a estos contenidos.  En todo caso, proceder\u00e1 a la retirada inmediata de cualquier contenido que pudiera contravenir la legislaci\u00f3n nacional o internacional, la moral o el orden p\u00fablico, procediendo a la retirada inmediata de la redirecci\u00f3n a dicho sitio web, poniendo en conocimiento de las autoridades competentes el contenido en cuesti\u00f3n.  <br><br>RESPONSABLE no se hace responsable de la informaci\u00f3n y contenidos almacenados, a t\u00edtulo enunciativo pero no limitativo, en foros, chats, generadores de blogs, comentarios, redes sociales o cualquier otro medio que permita a terceros publicar contenidos de forma independiente en la p\u00e1gina web del RESPONSABLE. No obstante, y en cumplimiento de lo dispuesto en los art\u00edculos 11 y 16 de la LSSICE, se pone a disposici\u00f3n de todos los usuarios, autoridades y fuerzas de seguridad, colaborando de forma activa en la retirada o, en su caso, bloqueo de todos aquellos contenidos que puedan afectar o contravenir a la legislaci\u00f3n nacional o internacional, los derechos de terceros o la moral y el orden p\u00fablico.  En caso de que el usuario considere que existe en el sitio web alg\u00fan contenido que pudiera ser susceptible de esta clasificaci\u00f3n, se ruega lo haga saber de forma inmediata al administrador del sitio web.  <br><br>Este sitio web ha sido revisado y probado para que funcione correctamente. En principio, puede garantizarse su correcto funcionamiento los 365 d\u00edas del a\u00f1o, 24 horas al d\u00eda.  No obstante, el RESPONSABLE no descarta la posibilidad de que existan ciertos errores de programaci\u00f3n, o que se conviertan en causas de fuerza mayor, cat\u00e1strofes naturales, huelgas o circunstancias similares que hagan imposible el acceso a la p\u00e1gina web.  <br><br><strong class=\"bb strong_bb\">Direcciones IP<\/strong><br> Los servidores del sitio web podr\u00e1n detectar de forma autom\u00e1tica la direcci\u00f3n IP y el nombre de dominio utilizados por el usuario. Una direcci\u00f3n IP es un n\u00famero asignado autom\u00e1ticamente a un ordenador cuando \u00e9ste se conecta a Internet.  Toda esta informaci\u00f3n se registra en un fichero de actividad del servidor debidamente inscrito que permite el posterior procesamiento de los datos con el fin de obtener medidas \u00fanicamente estad\u00edsticas que permitan conocer el n\u00famero de impresiones de p\u00e1ginas, el n\u00famero de visitas realizadas a los servidores web, el orden de visitas, el punto de acceso, etc.  <br><br>4. LEY APLICABLE Y JURISDICCI\u00d3N<br>La ley aplicable en caso de disputa o conflicto de interpretaci\u00f3n de los t\u00e9rminos que conforman los textos legales, as\u00ed como cualquier cuesti\u00f3n relacionada con los servicios de la presente web, ser\u00e1 la ley espa\u00f1ola.<\/p>\t\t\t\t\t\t\t\t<\/div>\n\t\t\t\t<\/div>\n\t\t\t\t<\/div>\n\t\t","protected":false},"excerpt":{"rendered":"<p>Aviso Legal LEY DE SERVICIOS DE LA SOCIEDAD DE LA INFORMACI\u00d3N (LSSI) EIX ESTELS, S.L., responsable del sitio web, en [&hellip;]<\/p>\n","protected":false},"author":1,"featured_media":0,"parent":0,"menu_order":0,"comment_status":"closed","ping_status":"closed","template":"","meta":{"_acf_changed":false,"site-sidebar-layout":"no-sidebar","site-content-layout":"","ast-site-content-layout":"full-width-container","site-content-style":"default","site-sidebar-style":"default","ast-global-header-display":"","ast-banner-title-visibility":"","ast-main-header-display":"","ast-hfb-above-header-display":"","ast-hfb-below-header-display":"","ast-hfb-mobile-header-display":"","site-post-title":"disabled","ast-breadcrumbs-content":"","ast-featured-img":"disabled","footer-sml-layout":"","ast-disable-related-posts":"","theme-transparent-header-meta":"","adv-header-id-meta":"","stick-header-meta":"","header-above-stick-meta":"","header-main-stick-meta":"","header-below-stick-meta":"","astra-migrate-meta-layouts":"default","ast-page-background-enabled":"default","ast-page-background-meta":{"desktop":{"background-color":"var(--ast-global-color-5)","background-image":"","background-repeat":"repeat","background-position":"center center","background-size":"auto","background-attachment":"scroll","background-type":"","background-media":"","overlay-type":"","overlay-color":"","overlay-opacity":"","overlay-gradient":""},"tablet":{"background-color":"","background-image":"","background-repeat":"repeat","background-position":"center center","background-size":"auto","background-attachment":"scroll","background-type":"","background-media":"","overlay-type":"","overlay-color":"","overlay-opacity":"","overlay-gradient":""},"mobile":{"background-color":"","background-image":"","background-repeat":"repeat","background-position":"center center","background-size":"auto","background-attachment":"scroll","background-type":"","background-media":"","overlay-type":"","overlay-color":"","overlay-opacity":"","overlay-gradient":""}},"ast-content-background-meta":{"desktop":{"background-color":"var(--ast-global-color-4)","background-image":"","background-repeat":"repeat","background-position":"center center","background-size":"auto","background-attachment":"scroll","background-type":"","background-media":"","overlay-type":"","overlay-color":"","overlay-opacity":"","overlay-gradient":""},"tablet":{"background-color":"var(--ast-global-color-4)","background-image":"","background-repeat":"repeat","background-position":"center center","background-size":"auto","background-attachment":"scroll","background-type":"","background-media":"","overlay-type":"","overlay-color":"","overlay-opacity":"","overlay-gradient":""},"mobile":{"background-color":"var(--ast-global-color-4)","background-image":"","background-repeat":"repeat","background-position":"center center","background-size":"auto","background-attachment":"scroll","background-type":"","background-media":"","overlay-type":"","overlay-color":"","overlay-opacity":"","overlay-gradient":""}},"footnotes":""},"class_list":["post-6636","page","type-page","status-publish","hentry"],"acf":[],"yoast_head":"<!-- This site is optimized with the Yoast SEO plugin v27.4 - https:\/\/yoast.com\/product\/yoast-seo-wordpress\/ -->\n<title>Aviso Legal - Eix Estels<\/title>\n<meta name=\"robots\" content=\"noindex, follow\" \/>\n<meta property=\"og:locale\" content=\"es_ES\" \/>\n<meta property=\"og:type\" content=\"article\" \/>\n<meta property=\"og:title\" content=\"Aviso Legal - Eix Estels\" \/>\n<meta property=\"og:description\" content=\"Aviso Legal LEY DE SERVICIOS DE LA SOCIEDAD DE LA INFORMACI\u00d3N (LSSI) EIX ESTELS, S.L., responsable del sitio web, en [&hellip;]\" \/>\n<meta property=\"og:url\" content=\"https:\/\/estiu.eixestels.com\/es\/aviso-legal\/\" \/>\n<meta property=\"og:site_name\" content=\"Eix Estels\" \/>\n<meta property=\"article:publisher\" content=\"https:\/\/www.facebook.com\/eix.estels\" \/>\n<meta property=\"article:modified_time\" content=\"2026-03-23T19:37:44+00:00\" \/>\n<meta name=\"twitter:card\" content=\"summary_large_image\" \/>\n<meta name=\"twitter:site\" content=\"@eixestels\" \/>\n<meta name=\"twitter:label1\" content=\"Tiempo de lectura\" \/>\n\t<meta name=\"twitter:data1\" content=\"7 minutos\" \/>\n<script type=\"application\/ld+json\" class=\"yoast-schema-graph\">{\"@context\":\"https:\\\/\\\/schema.org\",\"@graph\":[{\"@type\":\"WebPage\",\"@id\":\"https:\\\/\\\/estiu.eixestels.com\\\/es\\\/aviso-legal\\\/\",\"url\":\"https:\\\/\\\/estiu.eixestels.com\\\/es\\\/aviso-legal\\\/\",\"name\":\"Aviso Legal - Eix Estels\",\"isPartOf\":{\"@id\":\"https:\\\/\\\/estiu.eixestels.com\\\/es\\\/#website\"},\"datePublished\":\"2025-11-15T15:03:33+00:00\",\"dateModified\":\"2026-03-23T19:37:44+00:00\",\"breadcrumb\":{\"@id\":\"https:\\\/\\\/estiu.eixestels.com\\\/es\\\/aviso-legal\\\/#breadcrumb\"},\"inLanguage\":\"es\",\"potentialAction\":[{\"@type\":\"ReadAction\",\"target\":[\"https:\\\/\\\/estiu.eixestels.com\\\/es\\\/aviso-legal\\\/\"]}]},{\"@type\":\"BreadcrumbList\",\"@id\":\"https:\\\/\\\/estiu.eixestels.com\\\/es\\\/aviso-legal\\\/#breadcrumb\",\"itemListElement\":[{\"@type\":\"ListItem\",\"position\":1,\"name\":\"Inici\",\"item\":\"https:\\\/\\\/estiu.eixestels.com\\\/es\\\/\"},{\"@type\":\"ListItem\",\"position\":2,\"name\":\"Aviso Legal\"}]},{\"@type\":\"WebSite\",\"@id\":\"https:\\\/\\\/estiu.eixestels.com\\\/es\\\/#website\",\"url\":\"https:\\\/\\\/estiu.eixestels.com\\\/es\\\/\",\"name\":\"Eix Estels\",\"description\":\"\",\"publisher\":{\"@id\":\"https:\\\/\\\/estiu.eixestels.com\\\/es\\\/#organization\"},\"potentialAction\":[{\"@type\":\"SearchAction\",\"target\":{\"@type\":\"EntryPoint\",\"urlTemplate\":\"https:\\\/\\\/estiu.eixestels.com\\\/es\\\/?s={search_term_string}\"},\"query-input\":{\"@type\":\"PropertyValueSpecification\",\"valueRequired\":true,\"valueName\":\"search_term_string\"}}],\"inLanguage\":\"es\"},{\"@type\":\"Organization\",\"@id\":\"https:\\\/\\\/estiu.eixestels.com\\\/es\\\/#organization\",\"name\":\"Eix Estels\",\"url\":\"https:\\\/\\\/estiu.eixestels.com\\\/es\\\/\",\"logo\":{\"@type\":\"ImageObject\",\"inLanguage\":\"es\",\"@id\":\"https:\\\/\\\/estiu.eixestels.com\\\/es\\\/#\\\/schema\\\/logo\\\/image\\\/\",\"url\":\"https:\\\/\\\/estiu.eixestels.com\\\/wp-content\\\/uploads\\\/2025\\\/10\\\/Ee-Eixestels.png\",\"contentUrl\":\"https:\\\/\\\/estiu.eixestels.com\\\/wp-content\\\/uploads\\\/2025\\\/10\\\/Ee-Eixestels.png\",\"width\":1000,\"height\":776,\"caption\":\"Eix Estels\"},\"image\":{\"@id\":\"https:\\\/\\\/estiu.eixestels.com\\\/es\\\/#\\\/schema\\\/logo\\\/image\\\/\"},\"sameAs\":[\"https:\\\/\\\/www.facebook.com\\\/eix.estels\",\"https:\\\/\\\/x.com\\\/eixestels\",\"https:\\\/\\\/www.youtube.com\\\/user\\\/EixEstels\",\"https:\\\/\\\/www.instagram.com\\\/eix_estels\\\/\",\"https:\\\/\\\/www.linkedin.com\\\/company\\\/eix-estels\\\/?originalSubdomain=es\"]}]}<\/script>\n<!-- \/ Yoast SEO plugin. -->","yoast_head_json":{"title":"Aviso Legal - Eix Estels","robots":{"index":"noindex","follow":"follow"},"og_locale":"es_ES","og_type":"article","og_title":"Aviso Legal - Eix Estels","og_description":"Aviso Legal LEY DE SERVICIOS DE LA SOCIEDAD DE LA INFORMACI\u00d3N (LSSI) EIX ESTELS, S.L., responsable del sitio web, en [&hellip;]","og_url":"https:\/\/estiu.eixestels.com\/es\/aviso-legal\/","og_site_name":"Eix Estels","article_publisher":"https:\/\/www.facebook.com\/eix.estels","article_modified_time":"2026-03-23T19:37:44+00:00","twitter_card":"summary_large_image","twitter_site":"@eixestels","twitter_misc":{"Tiempo de lectura":"7 minutos"},"schema":{"@context":"https:\/\/schema.org","@graph":[{"@type":"WebPage","@id":"https:\/\/estiu.eixestels.com\/es\/aviso-legal\/","url":"https:\/\/estiu.eixestels.com\/es\/aviso-legal\/","name":"Aviso Legal - Eix Estels","isPartOf":{"@id":"https:\/\/estiu.eixestels.com\/es\/#website"},"datePublished":"2025-11-15T15:03:33+00:00","dateModified":"2026-03-23T19:37:44+00:00","breadcrumb":{"@id":"https:\/\/estiu.eixestels.com\/es\/aviso-legal\/#breadcrumb"},"inLanguage":"es","potentialAction":[{"@type":"ReadAction","target":["https:\/\/estiu.eixestels.com\/es\/aviso-legal\/"]}]},{"@type":"BreadcrumbList","@id":"https:\/\/estiu.eixestels.com\/es\/aviso-legal\/#breadcrumb","itemListElement":[{"@type":"ListItem","position":1,"name":"Inici","item":"https:\/\/estiu.eixestels.com\/es\/"},{"@type":"ListItem","position":2,"name":"Aviso Legal"}]},{"@type":"WebSite","@id":"https:\/\/estiu.eixestels.com\/es\/#website","url":"https:\/\/estiu.eixestels.com\/es\/","name":"Eix Estels","description":"","publisher":{"@id":"https:\/\/estiu.eixestels.com\/es\/#organization"},"potentialAction":[{"@type":"SearchAction","target":{"@type":"EntryPoint","urlTemplate":"https:\/\/estiu.eixestels.com\/es\/?s={search_term_string}"},"query-input":{"@type":"PropertyValueSpecification","valueRequired":true,"valueName":"search_term_string"}}],"inLanguage":"es"},{"@type":"Organization","@id":"https:\/\/estiu.eixestels.com\/es\/#organization","name":"Eix Estels","url":"https:\/\/estiu.eixestels.com\/es\/","logo":{"@type":"ImageObject","inLanguage":"es","@id":"https:\/\/estiu.eixestels.com\/es\/#\/schema\/logo\/image\/","url":"https:\/\/estiu.eixestels.com\/wp-content\/uploads\/2025\/10\/Ee-Eixestels.png","contentUrl":"https:\/\/estiu.eixestels.com\/wp-content\/uploads\/2025\/10\/Ee-Eixestels.png","width":1000,"height":776,"caption":"Eix Estels"},"image":{"@id":"https:\/\/estiu.eixestels.com\/es\/#\/schema\/logo\/image\/"},"sameAs":["https:\/\/www.facebook.com\/eix.estels","https:\/\/x.com\/eixestels","https:\/\/www.youtube.com\/user\/EixEstels","https:\/\/www.instagram.com\/eix_estels\/","https:\/\/www.linkedin.com\/company\/eix-estels\/?originalSubdomain=es"]}]}},"_links":{"self":[{"href":"https:\/\/estiu.eixestels.com\/es\/wp-json\/wp\/v2\/pages\/6636","targetHints":{"allow":["GET"]}}],"collection":[{"href":"https:\/\/estiu.eixestels.com\/es\/wp-json\/wp\/v2\/pages"}],"about":[{"href":"https:\/\/estiu.eixestels.com\/es\/wp-json\/wp\/v2\/types\/page"}],"author":[{"embeddable":true,"href":"https:\/\/estiu.eixestels.com\/es\/wp-json\/wp\/v2\/users\/1"}],"replies":[{"embeddable":true,"href":"https:\/\/estiu.eixestels.com\/es\/wp-json\/wp\/v2\/comments?post=6636"}],"version-history":[{"count":2,"href":"https:\/\/estiu.eixestels.com\/es\/wp-json\/wp\/v2\/pages\/6636\/revisions"}],"predecessor-version":[{"id":8370,"href":"https:\/\/estiu.eixestels.com\/es\/wp-json\/wp\/v2\/pages\/6636\/revisions\/8370"}],"wp:attachment":[{"href":"https:\/\/estiu.eixestels.com\/es\/wp-json\/wp\/v2\/media?parent=6636"}],"curies":[{"name":"wp","href":"https:\/\/api.w.org\/{rel}","templated":true}]}}